{"id":55,"date":"2017-11-02T09:46:26","date_gmt":"2017-11-02T09:46:26","guid":{"rendered":"http:\/\/www.vertuose.ch\/news\/?page_id=55"},"modified":"2020-05-14T12:45:03","modified_gmt":"2020-05-14T12:45:03","slug":"deneigement","status":"publish","type":"page","link":"https:\/\/www.vertuose.ch\/index.php\/deneigement\/","title":{"rendered":"Emploi"},"content":{"rendered":"<p>[et_pb_section bb_built=&#8221;1&#8243; background_color=&#8221;rgba(34,201,145,0)&#8221; _builder_version=&#8221;3.0.85&#8243;][et_pb_row background_color=&#8221;rgba(37,219,116,0.71)&#8221; _builder_version=&#8221;3.0.85&#8243; use_background_color_gradient=&#8221;on&#8221; background_color_gradient_start=&#8221;#000000&#8243; background_color_gradient_end=&#8221;rgba(0,170,8,0.6)&#8221;][et_pb_column type=&#8221;2_3&#8243;][et_pb_text _builder_version=&#8221;3.0.85&#8243; text_text_color=&#8221;#ffffff&#8221; custom_margin=&#8221;|||&#8221; background_layout=&#8221;light&#8221; module_alignment=&#8221;center&#8221; text_font=&#8221;Alike Angular||||||||&#8221;]<\/p>\n<p>&nbsp;<\/p>\n<p style=\"padding-left: 30px;\"><strong>EMPLOI<\/strong><\/p>\n<p>&nbsp;<\/p>\n<p style=\"padding-left: 30px;\">Pour compl\u00e9ter notre \u00e9quipe, nous sommes \u00e0 la recherche:<\/p>\n<p>&nbsp;<\/p>\n<p><strong>Paysagistes avec CFC<\/strong><\/p>\n<p><strong>\u00a0 \u00a0 \u00a0\u00a0 Aide Paysagistes avec exp\u00e9rience<\/strong><\/p>\n<p>&nbsp;<\/p>\n<p>Permis de conduire obligatoire<\/p>\n<p>Merci de nous faire parvenir votre dossier \u00e0 notre adresse mail: info@vertuose.ch<\/p>\n<p>&nbsp;<\/p>\n<p>[\/et_pb_text][et_pb_button _builder_version=&#8221;3.0.85&#8243; button_text=&#8221;Postulez&#8221; button_url=&#8221;https:\/\/www.vertuose.ch\/news\/index.php\/contact\/&#8221; url_new_window=&#8221;off&#8221; background_layout=&#8221;light&#8221; custom_button=&#8221;on&#8221; button_text_color=&#8221;#ffffff&#8221; button_bg_use_color_gradient=&#8221;on&#8221; button_bg_color_gradient_start=&#8221;#000000&#8243; button_bg_color_gradient_end=&#8221;rgba(53,163,34,0.67)&#8221; button_icon=&#8221;%%109%%&#8221; button_icon_color=&#8221;#ffffff&#8221; button_icon_placement=&#8221;left&#8221; module_id=&#8221;bouton-sticky&#8221; saved_tabs=&#8221;all&#8221; \/][\/et_pb_column][et_pb_column type=&#8221;1_3&#8243;][\/et_pb_column][\/et_pb_row][\/et_pb_section]<\/p>\n","protected":false},"excerpt":{"rendered":"<p>[et_pb_section bb_built=&#8221;1&#8243; background_color=&#8221;rgba(34,201,145,0)&#8221; _builder_version=&#8221;3.0.85&#8243;][et_pb_row background_color=&#8221;rgba(37,219,116,0.71)&#8221; _builder_version=&#8221;3.0.85&#8243; use_background_color_gradient=&#8221;on&#8221; background_color_gradient_start=&#8221;#000000&#8243; background_color_gradient_end=&#8221;rgba(0,170,8,0.6)&#8221;][et_pb_column type=&#8221;2_3&#8243;][et_pb_text _builder_version=&#8221;3.0.85&#8243; text_text_color=&#8221;#ffffff&#8221; custom_margin=&#8221;|||&#8221; background_layout=&#8221;light&#8221; module_alignment=&#8221;center&#8221; text_font=&#8221;Alike Angular||||||||&#8221;] &nbsp; EMPLOI &nbsp; Pour compl\u00e9ter notre \u00e9quipe, nous sommes \u00e0 la recherche: &nbsp; Paysagistes avec CFC \u00a0 \u00a0 \u00a0\u00a0 Aide Paysagistes avec exp\u00e9rience &nbsp; Permis de conduire obligatoire Merci de nous faire parvenir votre dossier \u00e0 notre adresse [&hellip;]<\/p>\n","protected":false},"author":1,"featured_media":0,"parent":0,"menu_order":0,"comment_status":"closed","ping_status":"closed","template":"","meta":[],"_links":{"self":[{"href":"https:\/\/www.vertuose.ch\/index.php\/wp-json\/wp\/v2\/pages\/55"}],"collection":[{"href":"https:\/\/www.vertuose.ch\/index.php\/wp-json\/wp\/v2\/pages"}],"about":[{"href":"https:\/\/www.vertuose.ch\/index.php\/wp-json\/wp\/v2\/types\/page"}],"author":[{"embeddable":true,"href":"https:\/\/www.vertuose.ch\/index.php\/wp-json\/wp\/v2\/users\/1"}],"replies":[{"embeddable":true,"href":"https:\/\/www.vertuose.ch\/index.php\/wp-json\/wp\/v2\/comments?post=55"}],"version-history":[{"count":18,"href":"https:\/\/www.vertuose.ch\/index.php\/wp-json\/wp\/v2\/pages\/55\/revisions"}],"predecessor-version":[{"id":674,"href":"https:\/\/www.vertuose.ch\/index.php\/wp-json\/wp\/v2\/pages\/55\/revisions\/674"}],"wp:attachment":[{"href":"https:\/\/www.vertuose.ch\/index.php\/wp-json\/wp\/v2\/media?parent=55"}],"curies":[{"name":"wp","href":"https:\/\/api.w.org\/{rel}","templated":true}]}}