{"id":53,"date":"2017-11-02T09:46:26","date_gmt":"2017-11-02T09:46:26","guid":{"rendered":"http:\/\/www.vertuose.ch\/news\/?page_id=53"},"modified":"2020-10-08T15:08:16","modified_gmt":"2020-10-08T15:08:16","slug":"entretien","status":"publish","type":"page","link":"https:\/\/www.vertuose.ch\/index.php\/entretien\/","title":{"rendered":"Entretien"},"content":{"rendered":"<p>[et_pb_section bb_built=&#8221;1&#8243; background_color=&#8221;rgba(34,201,145,0)&#8221; _builder_version=&#8221;3.0.85&#8243;][et_pb_row background_color=&#8221;rgba(37,219,116,0.71)&#8221; _builder_version=&#8221;3.0.85&#8243; use_background_color_gradient=&#8221;on&#8221; background_color_gradient_start=&#8221;#000000&#8243; background_color_gradient_end=&#8221;rgba(29,175,0,0.55)&#8221;][et_pb_column type=&#8221;1_4&#8243;][et_pb_image _builder_version=&#8221;3.0.85&#8243; src=&#8221;https:\/\/www.vertuose.ch\/news\/wp-content\/uploads\/2017\/11\/AdobeStock_57545728-1.jpeg&#8221; show_in_lightbox=&#8221;off&#8221; url_new_window=&#8221;off&#8221; use_overlay=&#8221;off&#8221; always_center_on_mobile=&#8221;on&#8221; force_fullwidth=&#8221;off&#8221; show_bottom_space=&#8221;on&#8221; max_width=&#8221;85%&#8221; \/][et_pb_image _builder_version=&#8221;3.0.85&#8243; src=&#8221;https:\/\/www.vertuose.ch\/news\/wp-content\/uploads\/2017\/11\/Fotolia_85781068_XS-1.jpg&#8221; show_in_lightbox=&#8221;off&#8221; url_new_window=&#8221;off&#8221; use_overlay=&#8221;off&#8221; always_center_on_mobile=&#8221;on&#8221; force_fullwidth=&#8221;off&#8221; show_bottom_space=&#8221;on&#8221; \/][et_pb_image _builder_version=&#8221;3.0.85&#8243; src=&#8221;https:\/\/www.vertuose.ch\/news\/wp-content\/uploads\/2017\/11\/arrosage-automatique-1.jpeg&#8221; show_in_lightbox=&#8221;off&#8221; url_new_window=&#8221;off&#8221; use_overlay=&#8221;off&#8221; always_center_on_mobile=&#8221;on&#8221; force_fullwidth=&#8221;off&#8221; max_width=&#8221;84%&#8221; show_bottom_space=&#8221;on&#8221; \/][et_pb_button _builder_version=&#8221;3.0.85&#8243; button_text=&#8221;Contactez-nous&#8221; button_url=&#8221;https:\/\/www.vertuose.ch\/news\/index.php\/contact\/&#8221; url_new_window=&#8221;off&#8221; background_layout=&#8221;light&#8221; custom_button=&#8221;on&#8221; button_text_color=&#8221;#ffffff&#8221; button_bg_use_color_gradient=&#8221;on&#8221; button_bg_color_gradient_start=&#8221;#000000&#8243; button_bg_color_gradient_end=&#8221;rgba(53,163,34,0.67)&#8221; button_icon=&#8221;%%109%%&#8221; button_icon_color=&#8221;#ffffff&#8221; button_icon_placement=&#8221;left&#8221; module_id=&#8221;bouton-sticky&#8221; saved_tabs=&#8221;all&#8221; \/][\/et_pb_column][et_pb_column type=&#8221;1_2&#8243;][et_pb_text _builder_version=&#8221;3.0.85&#8243; text_text_color=&#8221;#ffffff&#8221; custom_margin=&#8221;|||&#8221; background_layout=&#8221;light&#8221; module_alignment=&#8221;center&#8221; text_font=&#8221;Alike Angular||||||||&#8221;]<\/p>\n<p style=\"padding-left: 30px;\"><strong>ENTRETIEN<\/strong><\/p>\n<p style=\"padding-left: 30px;\">L&#8217;entretien est notre deuxi\u00e8me domaine de pr\u00e9dilection.<\/p>\n<p style=\"padding-left: 30px;\">C&#8217;est pour nous la satisfaction de vous simplifier le quotidien, de vous all\u00e9ger.<\/p>\n<p style=\"padding-left: 30px;\">Nous pouvons nous charger uniquement de la tonte de votre gazon comme de tout l&#8217;entretien ext\u00e9rieur .<br \/>\nNous avons des offres &#8220;tout confort&#8221; qui comprennent la tonte de gazon, la taille des arbustes et arbres, les traitements et engrais, etc&#8230;. Il s&#8217;agit d&#8217;une offre o\u00f9, durant toute l&#8217;ann\u00e9e, vous ne vous souciez de rien, nous nous chargeons de tout.<\/p>\n<p style=\"padding-left: 30px;\">Les entretiens sont toujours r\u00e9alis\u00e9s avec minutie et pr\u00e9cision. Nous nettoyons apr\u00e8s notre passage afin de ne laisser derni\u00e8re nous que la nettet\u00e9 de votre paysage.<\/p>\n<p style=\"padding-left: 30px;\">Voici les divers domaines de l&#8217;entretien :<\/p>\n<p style=\"padding-left: 30px;\">-Elagage et tailles : de vos petits arbustes en passant par vos haies ou pour vos arbres<br \/>\n-Engazonnement, scarification, fumure, engrais, tonte, bordure et sablage<br \/>\n-Protection de vos plantes pour l\u2019hiver<br \/>\n-Nettoyage de vos terrasses, chemins&#8230;<br \/>\n-Entretiens annuels (possibilit\u00e9 d\u2019abonnement)<br \/>\n-Possibilit\u00e9 de traiter les ravageurs de fa\u00e7on \u00e9cologique gr\u00e2ce aux auxiliaires (coccinelles, la chrysope..)<\/p>\n<p>[\/et_pb_text][\/et_pb_column][et_pb_column type=&#8221;1_4&#8243;][et_pb_image _builder_version=&#8221;3.0.85&#8243; src=&#8221;https:\/\/www.vertuose.ch\/news\/wp-content\/uploads\/2017\/11\/AdobeStock_88830007-1.jpeg&#8221; show_in_lightbox=&#8221;off&#8221; url_new_window=&#8221;off&#8221; use_overlay=&#8221;off&#8221; always_center_on_mobile=&#8221;on&#8221; force_fullwidth=&#8221;off&#8221; show_bottom_space=&#8221;on&#8221; max_width=&#8221;84%&#8221; \/][et_pb_image _builder_version=&#8221;3.0.85&#8243; src=&#8221;https:\/\/www.vertuose.ch\/news\/wp-content\/uploads\/2017\/11\/soufflage-de-feuille-1.jpeg&#8221; show_in_lightbox=&#8221;off&#8221; url_new_window=&#8221;off&#8221; use_overlay=&#8221;off&#8221; always_center_on_mobile=&#8221;on&#8221; force_fullwidth=&#8221;off&#8221; show_bottom_space=&#8221;on&#8221; \/][et_pb_image _builder_version=&#8221;3.0.85&#8243; src=&#8221;https:\/\/www.vertuose.ch\/news\/wp-content\/uploads\/2017\/11\/taille-au-s\u00e9cateur-1.jpeg&#8221; show_in_lightbox=&#8221;off&#8221; url_new_window=&#8221;off&#8221; use_overlay=&#8221;off&#8221; always_center_on_mobile=&#8221;on&#8221; force_fullwidth=&#8221;off&#8221; max_width=&#8221;84%&#8221; show_bottom_space=&#8221;on&#8221; \/][\/et_pb_column][\/et_pb_row][\/et_pb_section]<\/p>\n","protected":false},"excerpt":{"rendered":"<p>[et_pb_section bb_built=&#8221;1&#8243; background_color=&#8221;rgba(34,201,145,0)&#8221; _builder_version=&#8221;3.0.85&#8243;][et_pb_row background_color=&#8221;rgba(37,219,116,0.71)&#8221; _builder_version=&#8221;3.0.85&#8243; use_background_color_gradient=&#8221;on&#8221; background_color_gradient_start=&#8221;#000000&#8243; background_color_gradient_end=&#8221;rgba(29,175,0,0.55)&#8221;][et_pb_column type=&#8221;1_4&#8243;][et_pb_image _builder_version=&#8221;3.0.85&#8243; src=&#8221;https:\/\/www.vertuose.ch\/news\/wp-content\/uploads\/2017\/11\/AdobeStock_57545728-1.jpeg&#8221; show_in_lightbox=&#8221;off&#8221; url_new_window=&#8221;off&#8221; use_overlay=&#8221;off&#8221; always_center_on_mobile=&#8221;on&#8221; force_fullwidth=&#8221;off&#8221; show_bottom_space=&#8221;on&#8221; max_width=&#8221;85%&#8221; \/][et_pb_image _builder_version=&#8221;3.0.85&#8243; src=&#8221;https:\/\/www.vertuose.ch\/news\/wp-content\/uploads\/2017\/11\/Fotolia_85781068_XS-1.jpg&#8221; show_in_lightbox=&#8221;off&#8221; url_new_window=&#8221;off&#8221; use_overlay=&#8221;off&#8221; always_center_on_mobile=&#8221;on&#8221; force_fullwidth=&#8221;off&#8221; show_bottom_space=&#8221;on&#8221; \/][et_pb_image _builder_version=&#8221;3.0.85&#8243; src=&#8221;https:\/\/www.vertuose.ch\/news\/wp-content\/uploads\/2017\/11\/arrosage-automatique-1.jpeg&#8221; show_in_lightbox=&#8221;off&#8221; url_new_window=&#8221;off&#8221; use_overlay=&#8221;off&#8221; always_center_on_mobile=&#8221;on&#8221; force_fullwidth=&#8221;off&#8221; max_width=&#8221;84%&#8221; show_bottom_space=&#8221;on&#8221; \/][et_pb_button _builder_version=&#8221;3.0.85&#8243; button_text=&#8221;Contactez-nous&#8221; button_url=&#8221;https:\/\/www.vertuose.ch\/news\/index.php\/contact\/&#8221; url_new_window=&#8221;off&#8221; background_layout=&#8221;light&#8221; custom_button=&#8221;on&#8221; button_text_color=&#8221;#ffffff&#8221; button_bg_use_color_gradient=&#8221;on&#8221; button_bg_color_gradient_start=&#8221;#000000&#8243; button_bg_color_gradient_end=&#8221;rgba(53,163,34,0.67)&#8221; button_icon=&#8221;%%109%%&#8221; button_icon_color=&#8221;#ffffff&#8221; button_icon_placement=&#8221;left&#8221; module_id=&#8221;bouton-sticky&#8221; saved_tabs=&#8221;all&#8221; \/][\/et_pb_column][et_pb_column [&hellip;]<\/p>\n","protected":false},"author":1,"featured_media":39,"parent":0,"menu_order":0,"comment_status":"closed","ping_status":"closed","template":"","meta":[],"_links":{"self":[{"href":"https:\/\/www.vertuose.ch\/index.php\/wp-json\/wp\/v2\/pages\/53"}],"collection":[{"href":"https:\/\/www.vertuose.ch\/index.php\/wp-json\/wp\/v2\/pages"}],"about":[{"href":"https:\/\/www.vertuose.ch\/index.php\/wp-json\/wp\/v2\/types\/page"}],"author":[{"embeddable":true,"href":"https:\/\/www.vertuose.ch\/index.php\/wp-json\/wp\/v2\/users\/1"}],"replies":[{"embeddable":true,"href":"https:\/\/www.vertuose.ch\/index.php\/wp-json\/wp\/v2\/comments?post=53"}],"version-history":[{"count":17,"href":"https:\/\/www.vertuose.ch\/index.php\/wp-json\/wp\/v2\/pages\/53\/revisions"}],"predecessor-version":[{"id":676,"href":"https:\/\/www.vertuose.ch\/index.php\/wp-json\/wp\/v2\/pages\/53\/revisions\/676"}],"wp:featuredmedia":[{"embeddable":true,"href":"https:\/\/www.vertuose.ch\/index.php\/wp-json\/wp\/v2\/media\/39"}],"wp:attachment":[{"href":"https:\/\/www.vertuose.ch\/index.php\/wp-json\/wp\/v2\/media?parent=53"}],"curies":[{"name":"wp","href":"https:\/\/api.w.org\/{rel}","templated":true}]}}