{"id":52,"date":"2017-11-02T09:46:26","date_gmt":"2017-11-02T09:46:26","guid":{"rendered":"http:\/\/www.vertuose.ch\/news\/?page_id=52"},"modified":"2019-11-18T09:39:29","modified_gmt":"2019-11-18T09:39:29","slug":"amenagement","status":"publish","type":"page","link":"https:\/\/www.vertuose.ch\/index.php\/amenagement\/","title":{"rendered":"Am\u00e9nagement"},"content":{"rendered":"<p>[et_pb_section bb_built=&#8221;1&#8243; background_color=&#8221;rgba(34,201,145,0)&#8221; _builder_version=&#8221;3.0.85&#8243;][et_pb_row background_color=&#8221;rgba(37,219,116,0.71)&#8221; _builder_version=&#8221;3.0.85&#8243; use_background_color_gradient=&#8221;on&#8221; background_color_gradient_start=&#8221;#000000&#8243; background_color_gradient_end=&#8221;rgba(20,175,0,0.53)&#8221;][et_pb_column type=&#8221;2_3&#8243;][et_pb_text _builder_version=&#8221;3.0.85&#8243; text_text_color=&#8221;#ffffff&#8221; custom_margin=&#8221;|||&#8221; background_layout=&#8221;light&#8221; module_alignment=&#8221;center&#8221; text_font=&#8221;Alike Angular||||||||&#8221;]<\/p>\n<p style=\"padding-left: 30px;\">AM\u00c9NAGEMENT<\/p>\n<p style=\"padding-left: 30px;\">L\u2019am\u00e9nagement ext\u00e9rieur est notre domaine de pr\u00e9dilection.<br \/>\nChaque \u00e9laboration et cr\u00e9ation de projets est pour nous un nouveau d\u00e9fi, que nous r\u00e9alisons avec passion, pr\u00e9cision et professionnalisme.<br \/>\nNous avons \u00e0 notre disposition des possibilit\u00e9s \u00e9tendues \u00e0 vous proposer afin de trouver la solution la plus adapt\u00e9e et durable \u00e0 votre projet.<\/p>\n<p style=\"padding-left: 30px;\">Que ce soit pour cr\u00e9er de toutes pi\u00e8ces un nouveau lieu de vie et de d\u00e9tente ou pour en modifier un d\u00e9j\u00e0 existant, notre \u00e9quipe saura mettre ses comp\u00e9tences \u00e0 votre service.<\/p>\n<p style=\"padding-left: 30px;\">Voici nos diff\u00e9rents domaines de pr\u00e9dilection :<br \/>\nJardin min\u00e9ral, Japonais<br \/>\nTerrassement<br \/>\nDallage\/Pavage<br \/>\nEscaliers, chemins, terrasses,<br \/>\nMur en pierre s\u00e8che, de sout\u00e8nement, en gabion, coffrage&#8230;<br \/>\nR\u00e9alisation de pi\u00e8ces d&#8217;eau: biotope, bassin, piscine..<br \/>\nPose de palissade, barri\u00e8re et main courante<br \/>\nCr\u00e9ation de zone de gazon en semis ou en rouleaux<br \/>\nPlantations diverses de plantes, arbustes, haies &#8230;..<br \/>\nD&#8217;autres projets? N&#8217;h\u00e9sitez pas \u00e0 nous contacter!<\/p>\n<p style=\"padding-left: 30px;\">Nous travaillons \u00e9galement avec divers partenaires lorsque certains projets exigent des comp\u00e9tences plus approfondies.<\/p>\n<p>[\/et_pb_text][et_pb_button _builder_version=&#8221;3.0.85&#8243; button_text=&#8221;Contactez-nous&#8221; button_url=&#8221;https:\/\/www.vertuose.ch\/news\/index.php\/contact\/&#8221; url_new_window=&#8221;off&#8221; background_layout=&#8221;light&#8221; custom_button=&#8221;on&#8221; button_text_color=&#8221;#ffffff&#8221; button_bg_use_color_gradient=&#8221;on&#8221; button_bg_color_gradient_start=&#8221;#000000&#8243; button_bg_color_gradient_end=&#8221;rgba(53,163,34,0.67)&#8221; button_icon=&#8221;%%109%%&#8221; button_icon_color=&#8221;#ffffff&#8221; button_icon_placement=&#8221;left&#8221; module_id=&#8221;bouton-sticky&#8221; saved_tabs=&#8221;all&#8221; \/][\/et_pb_column][et_pb_column type=&#8221;1_3&#8243;][et_pb_image _builder_version=&#8221;3.0.85&#8243; src=&#8221;https:\/\/www.vertuose.ch\/news\/wp-content\/uploads\/2017\/11\/AdobeStock_63609948-1.jpeg&#8221; show_in_lightbox=&#8221;off&#8221; url_new_window=&#8221;off&#8221; use_overlay=&#8221;off&#8221; always_center_on_mobile=&#8221;on&#8221; force_fullwidth=&#8221;off&#8221; show_bottom_space=&#8221;on&#8221; max_width=&#8221;84%&#8221; \/][et_pb_image _builder_version=&#8221;3.0.85&#8243; src=&#8221;https:\/\/www.vertuose.ch\/news\/wp-content\/uploads\/2017\/11\/AdobeStock_66635079-1.jpeg&#8221; show_in_lightbox=&#8221;off&#8221; url_new_window=&#8221;off&#8221; use_overlay=&#8221;off&#8221; always_center_on_mobile=&#8221;on&#8221; force_fullwidth=&#8221;off&#8221; max_width=&#8221;84%&#8221; show_bottom_space=&#8221;on&#8221; \/][\/et_pb_column][\/et_pb_row][\/et_pb_section]<\/p>\n","protected":false},"excerpt":{"rendered":"<p>[et_pb_section bb_built=&#8221;1&#8243; background_color=&#8221;rgba(34,201,145,0)&#8221; _builder_version=&#8221;3.0.85&#8243;][et_pb_row background_color=&#8221;rgba(37,219,116,0.71)&#8221; _builder_version=&#8221;3.0.85&#8243; use_background_color_gradient=&#8221;on&#8221; background_color_gradient_start=&#8221;#000000&#8243; background_color_gradient_end=&#8221;rgba(20,175,0,0.53)&#8221;][et_pb_column type=&#8221;2_3&#8243;][et_pb_text _builder_version=&#8221;3.0.85&#8243; text_text_color=&#8221;#ffffff&#8221; custom_margin=&#8221;|||&#8221; background_layout=&#8221;light&#8221; module_alignment=&#8221;center&#8221; text_font=&#8221;Alike Angular||||||||&#8221;] AM\u00c9NAGEMENT L\u2019am\u00e9nagement ext\u00e9rieur est notre domaine de pr\u00e9dilection. Chaque \u00e9laboration et cr\u00e9ation de projets est pour nous un nouveau d\u00e9fi, que nous r\u00e9alisons avec passion, pr\u00e9cision et professionnalisme. Nous avons \u00e0 notre disposition des possibilit\u00e9s \u00e9tendues \u00e0 vous [&hellip;]<\/p>\n","protected":false},"author":1,"featured_media":40,"parent":0,"menu_order":0,"comment_status":"closed","ping_status":"closed","template":"","meta":[],"_links":{"self":[{"href":"https:\/\/www.vertuose.ch\/index.php\/wp-json\/wp\/v2\/pages\/52"}],"collection":[{"href":"https:\/\/www.vertuose.ch\/index.php\/wp-json\/wp\/v2\/pages"}],"about":[{"href":"https:\/\/www.vertuose.ch\/index.php\/wp-json\/wp\/v2\/types\/page"}],"author":[{"embeddable":true,"href":"https:\/\/www.vertuose.ch\/index.php\/wp-json\/wp\/v2\/users\/1"}],"replies":[{"embeddable":true,"href":"https:\/\/www.vertuose.ch\/index.php\/wp-json\/wp\/v2\/comments?post=52"}],"version-history":[{"count":16,"href":"https:\/\/www.vertuose.ch\/index.php\/wp-json\/wp\/v2\/pages\/52\/revisions"}],"predecessor-version":[{"id":537,"href":"https:\/\/www.vertuose.ch\/index.php\/wp-json\/wp\/v2\/pages\/52\/revisions\/537"}],"wp:featuredmedia":[{"embeddable":true,"href":"https:\/\/www.vertuose.ch\/index.php\/wp-json\/wp\/v2\/media\/40"}],"wp:attachment":[{"href":"https:\/\/www.vertuose.ch\/index.php\/wp-json\/wp\/v2\/media?parent=52"}],"curies":[{"name":"wp","href":"https:\/\/api.w.org\/{rel}","templated":true}]}}