{"id":51,"date":"2017-11-02T09:46:26","date_gmt":"2017-11-02T09:46:26","guid":{"rendered":"http:\/\/www.vertuose.ch\/news\/?page_id=51"},"modified":"2025-08-18T10:08:01","modified_gmt":"2025-08-18T10:08:01","slug":"actualite","status":"publish","type":"page","link":"https:\/\/www.vertuose.ch\/index.php\/actualite\/","title":{"rendered":"Actualit\u00e9"},"content":{"rendered":"<p>[et_pb_section bb_built=&#8221;1&#8243; background_color=&#8221;rgba(34,201,145,0)&#8221; _builder_version=&#8221;3.0.85&#8243;][et_pb_row background_color=&#8221;rgba(37,219,116,0.71)&#8221; _builder_version=&#8221;3.0.85&#8243; use_background_color_gradient=&#8221;on&#8221; background_color_gradient_start=&#8221;#000000&#8243; background_color_gradient_end=&#8221;rgba(13,158,0,0.64)&#8221;][et_pb_column type=&#8221;4_4&#8243;][et_pb_text _builder_version=&#8221;3.0.85&#8243; custom_margin=&#8221;|||&#8221; background_layout=&#8221;light&#8221; module_alignment=&#8221;center&#8221; text_font=&#8221;Alike Angular||||||||&#8221;]<\/p>\n<p style=\"text-align: center; padding-left: 30px;\">ACTUALIT\u00c9<\/p>\n<p>Il est encore temps de planifier vos travaux d&#8217;am\u00e9nagement ext\u00e9rieur que ce soit par exemple pour un remodelage complet de votre espace ext\u00e9rieur, la remise \u00e0 neuf de votre terrasse ou pour les travaux d&#8217;entretien. Consulter notre page prestation pour conna\u00eetre notre large gamme de services et prestations.<\/p>\n<p>D&#8217;ailleurs la saison des tailles se rapproche, n&#8217;h\u00e9sitez pas \u00e0 nous faire une demande pour ne pas vous retrouver pris par le temps ou d&#8217;\u00eatre hors saison.<\/p>\n<p>Contactez nous pour une visite gratuite et sans engagement afin de d\u00e9couvrir vos besoins\/envies et pouvoir vous pr\u00e9senter des id\u00e9es ou une offre selon vos attentes. Toute l&#8217;\u00e9quipe de Vertuose se tient pr\u00eate \u00e0 vous \u00e9merveiller, vous servir et vous soutenir! Vertuose Parcs et Jardins S\u00e0rl<\/p>\n<p>[\/et_pb_text][et_pb_button _builder_version=&#8221;3.0.85&#8243; button_text=&#8221;Contactez-nous&#8221; button_url=&#8221;https:\/\/www.vertuose.ch\/news\/index.php\/contact\/&#8221; url_new_window=&#8221;off&#8221; background_layout=&#8221;light&#8221; custom_button=&#8221;on&#8221; button_text_color=&#8221;#ffffff&#8221; button_bg_use_color_gradient=&#8221;on&#8221; button_bg_color_gradient_start=&#8221;#000000&#8243; button_bg_color_gradient_end=&#8221;rgba(53,163,34,0.67)&#8221; button_icon=&#8221;%%109%%&#8221; button_icon_color=&#8221;#ffffff&#8221; button_icon_placement=&#8221;left&#8221; module_id=&#8221;bouton-sticky&#8221; saved_tabs=&#8221;all&#8221; \/][\/et_pb_column][\/et_pb_row][\/et_pb_section][et_pb_section bb_built=&#8221;1&#8243; fullwidth=&#8221;on&#8221; specialty=&#8221;off&#8221;][et_pb_fullwidth_image _builder_version=&#8221;3.0.85&#8243; src=&#8221;https:\/\/www.vertuose.ch\/news\/wp-content\/uploads\/2023\/02\/logo-combo-branding_4.jpg&#8221; show_in_lightbox=&#8221;off&#8221; url_new_window=&#8221;off&#8221; use_overlay=&#8221;off&#8221; \/][\/et_pb_section]<\/p>\n","protected":false},"excerpt":{"rendered":"<p>[et_pb_section bb_built=&#8221;1&#8243; background_color=&#8221;rgba(34,201,145,0)&#8221; _builder_version=&#8221;3.0.85&#8243;][et_pb_row background_color=&#8221;rgba(37,219,116,0.71)&#8221; _builder_version=&#8221;3.0.85&#8243; use_background_color_gradient=&#8221;on&#8221; background_color_gradient_start=&#8221;#000000&#8243; background_color_gradient_end=&#8221;rgba(13,158,0,0.64)&#8221;][et_pb_column type=&#8221;4_4&#8243;][et_pb_text _builder_version=&#8221;3.0.85&#8243; custom_margin=&#8221;|||&#8221; background_layout=&#8221;light&#8221; module_alignment=&#8221;center&#8221; text_font=&#8221;Alike Angular||||||||&#8221;] ACTUALIT\u00c9 Il est encore temps de planifier vos travaux d&#8217;am\u00e9nagement ext\u00e9rieur que ce soit par exemple pour un remodelage complet de votre espace ext\u00e9rieur, la remise \u00e0 neuf de votre terrasse ou pour les travaux d&#8217;entretien. Consulter notre page [&hellip;]<\/p>\n","protected":false},"author":1,"featured_media":735,"parent":0,"menu_order":0,"comment_status":"closed","ping_status":"closed","template":"","meta":[],"_links":{"self":[{"href":"https:\/\/www.vertuose.ch\/index.php\/wp-json\/wp\/v2\/pages\/51"}],"collection":[{"href":"https:\/\/www.vertuose.ch\/index.php\/wp-json\/wp\/v2\/pages"}],"about":[{"href":"https:\/\/www.vertuose.ch\/index.php\/wp-json\/wp\/v2\/types\/page"}],"author":[{"embeddable":true,"href":"https:\/\/www.vertuose.ch\/index.php\/wp-json\/wp\/v2\/users\/1"}],"replies":[{"embeddable":true,"href":"https:\/\/www.vertuose.ch\/index.php\/wp-json\/wp\/v2\/comments?post=51"}],"version-history":[{"count":53,"href":"https:\/\/www.vertuose.ch\/index.php\/wp-json\/wp\/v2\/pages\/51\/revisions"}],"predecessor-version":[{"id":763,"href":"https:\/\/www.vertuose.ch\/index.php\/wp-json\/wp\/v2\/pages\/51\/revisions\/763"}],"wp:featuredmedia":[{"embeddable":true,"href":"https:\/\/www.vertuose.ch\/index.php\/wp-json\/wp\/v2\/media\/735"}],"wp:attachment":[{"href":"https:\/\/www.vertuose.ch\/index.php\/wp-json\/wp\/v2\/media?parent=51"}],"curies":[{"name":"wp","href":"https:\/\/api.w.org\/{rel}","templated":true}]}}