{"id":359,"date":"2017-11-29T15:08:51","date_gmt":"2017-11-29T15:08:51","guid":{"rendered":"http:\/\/www.vertuose.ch\/news\/?page_id=359"},"modified":"2019-11-18T09:41:11","modified_gmt":"2019-11-18T09:41:11","slug":"ecologie","status":"publish","type":"page","link":"https:\/\/www.vertuose.ch\/index.php\/ecologie\/","title":{"rendered":"Ecologie"},"content":{"rendered":"<p>[et_pb_section bb_built=&#8221;1&#8243; background_color=&#8221;rgba(34,201,145,0)&#8221; _builder_version=&#8221;3.0.85&#8243;][et_pb_row background_color=&#8221;rgba(37,219,116,0.71)&#8221; _builder_version=&#8221;3.0.85&#8243; use_background_color_gradient=&#8221;on&#8221; background_color_gradient_start=&#8221;#000000&#8243; background_color_gradient_end=&#8221;rgba(58,201,42,0.6)&#8221;][et_pb_column type=&#8221;2_3&#8243;][et_pb_text _builder_version=&#8221;3.0.85&#8243; text_font=&#8221;Alike Angular||||||||&#8221; text_text_color=&#8221;#ffffff&#8221; custom_margin=&#8221;|||&#8221; background_layout=&#8221;light&#8221; saved_tabs=&#8221;all&#8221;]<\/p>\n<p style=\"padding-left: 30px;\">ECOLOGIE<\/p>\n<p style=\"padding-left: 30px;\">Notre m\u00e9tier est \u00e9troitement li\u00e9 \u00e0 notre ch\u00e8re nature, ce pourquoi nous nous sentons en tant qu&#8217;entreprise impliqu\u00e9s dans la pr\u00e9servation de cette derni\u00e8re.<\/p>\n<p style=\"padding-left: 30px;\">Nous cherchons continuellement de nouveaux moyens d&#8217;apporter des solutions \u00e9cologiques \u00e0 nos clients.<\/p>\n<p style=\"padding-left: 30px;\">-Tous nos d\u00e9chets &#8220;verts&#8221; sont achemin\u00e9s dans une composti\u00e8re, o\u00f9 les branches, feuilles, etc&#8230; sont transform\u00e9es en biogaz et terreau.<\/p>\n<p style=\"padding-left: 30px;\">-Nous proposons des alternatives \u00e9cologiques pour le traitement des mauvaises herbes (chalumeau et vapeur), traitement phytosanitaire bio, insectes auxiliaires, etc&#8230;.<\/p>\n<p style=\"padding-left: 30px;\">-D\u00e8s le printemps 2018, nous ajoutons \u00e0 nos services la tonte avec notre troupeau de mouton pour une tonte \u00e9cologique sans aucun impact environnemental.<\/p>\n<p style=\"padding-left: 30px;\">-Nous continuerons \u00e0 vous proposer de nouvelles solutions pour prot\u00e9ger notre nature<\/p>\n<p>&nbsp;<\/p>\n<p>[\/et_pb_text][et_pb_button _builder_version=&#8221;3.0.85&#8243; button_text=&#8221;Contactez-nous&#8221; button_url=&#8221;https:\/\/www.vertuose.ch\/news\/index.php\/contact\/&#8221; url_new_window=&#8221;off&#8221; background_layout=&#8221;light&#8221; custom_button=&#8221;on&#8221; button_text_color=&#8221;#ffffff&#8221; button_bg_use_color_gradient=&#8221;on&#8221; button_bg_color_gradient_start=&#8221;#000000&#8243; button_bg_color_gradient_end=&#8221;rgba(53,163,34,0.67)&#8221; button_icon=&#8221;%%109%%&#8221; button_icon_color=&#8221;#ffffff&#8221; button_icon_placement=&#8221;left&#8221; module_id=&#8221;bouton-sticky&#8221; saved_tabs=&#8221;all&#8221; \/][\/et_pb_column][et_pb_column type=&#8221;1_3&#8243;][et_pb_image _builder_version=&#8221;3.0.85&#8243; src=&#8221;https:\/\/www.vertuose.ch\/news\/wp-content\/uploads\/2017\/11\/AdobeStock_151202768-2.jpeg&#8221; show_in_lightbox=&#8221;off&#8221; url_new_window=&#8221;off&#8221; use_overlay=&#8221;off&#8221; always_center_on_mobile=&#8221;on&#8221; force_fullwidth=&#8221;off&#8221; max_width=&#8221;84%&#8221; show_bottom_space=&#8221;on&#8221; \/][\/et_pb_column][\/et_pb_row][\/et_pb_section]<\/p>\n","protected":false},"excerpt":{"rendered":"<p>[et_pb_section bb_built=&#8221;1&#8243; background_color=&#8221;rgba(34,201,145,0)&#8221; _builder_version=&#8221;3.0.85&#8243;][et_pb_row background_color=&#8221;rgba(37,219,116,0.71)&#8221; _builder_version=&#8221;3.0.85&#8243; use_background_color_gradient=&#8221;on&#8221; background_color_gradient_start=&#8221;#000000&#8243; background_color_gradient_end=&#8221;rgba(58,201,42,0.6)&#8221;][et_pb_column type=&#8221;2_3&#8243;][et_pb_text _builder_version=&#8221;3.0.85&#8243; text_font=&#8221;Alike Angular||||||||&#8221; text_text_color=&#8221;#ffffff&#8221; custom_margin=&#8221;|||&#8221; background_layout=&#8221;light&#8221; saved_tabs=&#8221;all&#8221;] ECOLOGIE Notre m\u00e9tier est \u00e9troitement li\u00e9 \u00e0 notre ch\u00e8re nature, ce pourquoi nous nous sentons en tant qu&#8217;entreprise impliqu\u00e9s dans la pr\u00e9servation de cette derni\u00e8re. Nous cherchons continuellement de nouveaux moyens d&#8217;apporter des solutions \u00e9cologiques \u00e0 nos clients. [&hellip;]<\/p>\n","protected":false},"author":1,"featured_media":0,"parent":0,"menu_order":0,"comment_status":"closed","ping_status":"closed","template":"","meta":[],"_links":{"self":[{"href":"https:\/\/www.vertuose.ch\/index.php\/wp-json\/wp\/v2\/pages\/359"}],"collection":[{"href":"https:\/\/www.vertuose.ch\/index.php\/wp-json\/wp\/v2\/pages"}],"about":[{"href":"https:\/\/www.vertuose.ch\/index.php\/wp-json\/wp\/v2\/types\/page"}],"author":[{"embeddable":true,"href":"https:\/\/www.vertuose.ch\/index.php\/wp-json\/wp\/v2\/users\/1"}],"replies":[{"embeddable":true,"href":"https:\/\/www.vertuose.ch\/index.php\/wp-json\/wp\/v2\/comments?post=359"}],"version-history":[{"count":11,"href":"https:\/\/www.vertuose.ch\/index.php\/wp-json\/wp\/v2\/pages\/359\/revisions"}],"predecessor-version":[{"id":538,"href":"https:\/\/www.vertuose.ch\/index.php\/wp-json\/wp\/v2\/pages\/359\/revisions\/538"}],"wp:attachment":[{"href":"https:\/\/www.vertuose.ch\/index.php\/wp-json\/wp\/v2\/media?parent=359"}],"curies":[{"name":"wp","href":"https:\/\/api.w.org\/{rel}","templated":true}]}}