{"id":272,"date":"2017-11-16T23:08:40","date_gmt":"2017-11-16T23:08:40","guid":{"rendered":"http:\/\/www.vertuose.ch\/news\/?page_id=272"},"modified":"2019-07-29T08:22:21","modified_gmt":"2019-07-29T08:22:21","slug":"tonte-ecologique","status":"publish","type":"page","link":"https:\/\/www.vertuose.ch\/index.php\/tonte-ecologique\/","title":{"rendered":"Tonte \u00e9cologique"},"content":{"rendered":"<p>[et_pb_section bb_built=&#8221;1&#8243; background_color=&#8221;rgba(34,201,145,0)&#8221; _builder_version=&#8221;3.0.85&#8243;][et_pb_row background_color=&#8221;rgba(37,219,116,0.71)&#8221; _builder_version=&#8221;3.0.85&#8243; use_background_color_gradient=&#8221;on&#8221; background_color_gradient_start=&#8221;#000000&#8243; background_color_gradient_end=&#8221;rgba(24,181,0,0.63)&#8221;][et_pb_column type=&#8221;2_3&#8243;][et_pb_text _builder_version=&#8221;3.0.85&#8243; text_text_color=&#8221;#ffffff&#8221; custom_margin=&#8221;|||&#8221; background_layout=&#8221;light&#8221; text_font=&#8221;Alike Angular||||||||&#8221; text_line_height=&#8221;2em&#8221;]<\/p>\n<p style=\"padding-left: 30px;\">TONTE ECOLOGIQUE<\/p>\n<p style=\"padding-left: 30px;\">Dans un soucis de rester proche de la nature et d&#8217;offrir des prestations qui correspondent \u00e0 vos attentes, d\u00e8s le printemps 2018, nous ajoutons \u00e0 nos services la mise \u00e0 disposition de nos moutons pour la tonte de vos parcelles.<\/p>\n<p style=\"padding-left: 30px;\">100% \u00e9cologique, \u00e9conomique, dans le respect de la nature et de l&#8217;environnement ce service est simple et efficace.<\/p>\n<p style=\"padding-left: 30px;\">Nos moutons &#8220;Brun-noir du pays&#8221; sont de bon caract\u00e8re, peu bruyant, ils vous offrent la possibilit\u00e9 d&#8217;avoir une parcelle entretenue sans aucun impact \u00e9cologique. De plus cette solution est avantageuse et quel plaisir de voir un beau troupeau de moutons tondre vos parcelles en toute s\u00e9r\u00e9nit\u00e9?<\/p>\n<p style=\"padding-left: 30px;\">Nous sommes \u00e0 votre disposition pour tout compl\u00e9ment d&#8217;information.<\/p>\n<p>[\/et_pb_text][et_pb_button _builder_version=&#8221;3.0.85&#8243; button_text=&#8221;Contactez-nous&#8221; button_url=&#8221;https:\/\/www.vertuose.ch\/news\/index.php\/contact\/&#8221; url_new_window=&#8221;off&#8221; background_layout=&#8221;light&#8221; custom_button=&#8221;on&#8221; button_text_color=&#8221;#ffffff&#8221; button_bg_use_color_gradient=&#8221;on&#8221; button_bg_color_gradient_start=&#8221;#000000&#8243; button_bg_color_gradient_end=&#8221;rgba(53,163,34,0.67)&#8221; button_icon=&#8221;%%109%%&#8221; button_icon_color=&#8221;#ffffff&#8221; button_icon_placement=&#8221;left&#8221; module_id=&#8221;bouton-sticky&#8221; saved_tabs=&#8221;all&#8221; \/][\/et_pb_column][et_pb_column type=&#8221;1_3&#8243;][et_pb_image _builder_version=&#8221;3.0.85&#8243; src=&#8221;https:\/\/www.vertuose.ch\/news\/wp-content\/uploads\/2017\/11\/AdobeStock_117976980-2.jpeg&#8221; show_in_lightbox=&#8221;off&#8221; url_new_window=&#8221;off&#8221; use_overlay=&#8221;off&#8221; always_center_on_mobile=&#8221;on&#8221; force_fullwidth=&#8221;off&#8221; show_bottom_space=&#8221;on&#8221; \/][\/et_pb_column][\/et_pb_row][\/et_pb_section]<\/p>\n","protected":false},"excerpt":{"rendered":"<p>[et_pb_section bb_built=&#8221;1&#8243; background_color=&#8221;rgba(34,201,145,0)&#8221; _builder_version=&#8221;3.0.85&#8243;][et_pb_row background_color=&#8221;rgba(37,219,116,0.71)&#8221; _builder_version=&#8221;3.0.85&#8243; use_background_color_gradient=&#8221;on&#8221; background_color_gradient_start=&#8221;#000000&#8243; background_color_gradient_end=&#8221;rgba(24,181,0,0.63)&#8221;][et_pb_column type=&#8221;2_3&#8243;][et_pb_text _builder_version=&#8221;3.0.85&#8243; text_text_color=&#8221;#ffffff&#8221; custom_margin=&#8221;|||&#8221; background_layout=&#8221;light&#8221; text_font=&#8221;Alike Angular||||||||&#8221; text_line_height=&#8221;2em&#8221;] TONTE ECOLOGIQUE Dans un soucis de rester proche de la nature et d&#8217;offrir des prestations qui correspondent \u00e0 vos attentes, d\u00e8s le printemps 2018, nous ajoutons \u00e0 nos services la mise \u00e0 disposition de nos moutons pour la [&hellip;]<\/p>\n","protected":false},"author":1,"featured_media":0,"parent":0,"menu_order":0,"comment_status":"closed","ping_status":"closed","template":"","meta":[],"_links":{"self":[{"href":"https:\/\/www.vertuose.ch\/index.php\/wp-json\/wp\/v2\/pages\/272"}],"collection":[{"href":"https:\/\/www.vertuose.ch\/index.php\/wp-json\/wp\/v2\/pages"}],"about":[{"href":"https:\/\/www.vertuose.ch\/index.php\/wp-json\/wp\/v2\/types\/page"}],"author":[{"embeddable":true,"href":"https:\/\/www.vertuose.ch\/index.php\/wp-json\/wp\/v2\/users\/1"}],"replies":[{"embeddable":true,"href":"https:\/\/www.vertuose.ch\/index.php\/wp-json\/wp\/v2\/comments?post=272"}],"version-history":[{"count":14,"href":"https:\/\/www.vertuose.ch\/index.php\/wp-json\/wp\/v2\/pages\/272\/revisions"}],"predecessor-version":[{"id":531,"href":"https:\/\/www.vertuose.ch\/index.php\/wp-json\/wp\/v2\/pages\/272\/revisions\/531"}],"wp:attachment":[{"href":"https:\/\/www.vertuose.ch\/index.php\/wp-json\/wp\/v2\/media?parent=272"}],"curies":[{"name":"wp","href":"https:\/\/api.w.org\/{rel}","templated":true}]}}